{"id":440,"date":"2016-04-05T06:11:03","date_gmt":"2016-04-05T06:11:03","guid":{"rendered":"http:\/\/www.milaidhoo.com\/de\/?page_id=440"},"modified":"2022-01-24T10:08:01","modified_gmt":"2022-01-24T04:38:01","slug":"room-type-one","status":"publish","type":"page","link":"https:\/\/www.milaidhoo.com\/de\/accommodation\/water-pool-villas.html","title":{"rendered":"Wasservilla mit Pool"},"content":{"rendered":"<p>Diese ger\u00e4umigen, 245 m\u00b2 gro\u00dfen Villen mit Strohdach wurden auf Stelzen auf dem Meer errichtet. Sie zeichnen sich durch ihre friedliche Atmosph\u00e4re und viel nat\u00fcrliches Tageslicht aus und hei\u00dfen Sie mit einem riesigen Sonnendeck mit eigenem S\u00fc\u00dfwasser-Infinity-Pool, einer maledivischen H\u00e4ngeschaukel, Sonnenliegen, einem Sonnenschirm, einem Tisch mit St\u00fchlen, einem gro\u00dfen Tagesbett am Pool sowie Treppen, die direkt ins Meer f\u00fchren, willkommen, damit Sie einen einfachen und unkomplizierten Zugang zum nahegelegenen Korallenriff genie\u00dfen. Mit ihren 42 m\u00b2 geh\u00f6ren unsere Privatpools zu den gr\u00f6\u00dften in den Malediven.<\/p>\n<p>Die Villa ist mit folgenden Annehmlichkeiten ausgestattet: einem diskreten Flachbildfernseher, hohen Decken, einem privaten Weink\u00fchlschrank, einem gro\u00dfen K\u00fchlschrank\/Minibar, einer Kaffeemaschine, einem Deckenventilator und einer Klimaanlage. Das Innendesign bezieht seine Inpsiration vom Erbe und der Kultur der Malediven und pr\u00e4sentiert sich mit speziell f\u00fcr Milaidhoo gefertigten M\u00f6beln. Das riesige Badezimmer verf\u00fcgt \u00fcber eine separate Badewanne mit Meerblick und eine tropische Regendusche mit einer Glaswand, die den Blick auf das Meer weiter unten er\u00f6ffnet.<\/p>\n","protected":false},"excerpt":{"rendered":"<p>Diese ger\u00e4umigen, 245 m\u00b2 gro\u00dfen Villen mit Strohdach wurden auf Stelzen auf dem Meer errichtet. Sie zeichnen sich durch ihre friedliche Atmosph\u00e4re und viel nat\u00fcrliches Tageslicht aus und hei\u00dfen Sie mit einem riesigen Sonnendeck mit eigenem S\u00fc\u00dfwasser-Infinity-Pool, einer maledivischen H\u00e4ngeschaukel, Sonnenliegen, einem Sonnenschirm, einem Tisch mit St\u00fchlen, einem gro\u00dfen Tagesbett am Pool sowie Treppen, die [&hellip;]<\/p>\n","protected":false},"author":1,"featured_media":0,"parent":438,"menu_order":1,"comment_status":"closed","ping_status":"closed","template":"","meta":{"footnotes":""},"class_list":["post-440","page","type-page","status-publish","hentry"],"_links":{"self":[{"href":"https:\/\/www.milaidhoo.com\/de\/wp-json\/wp\/v2\/pages\/440","targetHints":{"allow":["GET"]}}],"collection":[{"href":"https:\/\/www.milaidhoo.com\/de\/wp-json\/wp\/v2\/pages"}],"about":[{"href":"https:\/\/www.milaidhoo.com\/de\/wp-json\/wp\/v2\/types\/page"}],"author":[{"embeddable":true,"href":"https:\/\/www.milaidhoo.com\/de\/wp-json\/wp\/v2\/users\/1"}],"replies":[{"embeddable":true,"href":"https:\/\/www.milaidhoo.com\/de\/wp-json\/wp\/v2\/comments?post=440"}],"version-history":[{"count":3,"href":"https:\/\/www.milaidhoo.com\/de\/wp-json\/wp\/v2\/pages\/440\/revisions"}],"predecessor-version":[{"id":10233,"href":"https:\/\/www.milaidhoo.com\/de\/wp-json\/wp\/v2\/pages\/440\/revisions\/10233"}],"up":[{"embeddable":true,"href":"https:\/\/www.milaidhoo.com\/de\/wp-json\/wp\/v2\/pages\/438"}],"wp:attachment":[{"href":"https:\/\/www.milaidhoo.com\/de\/wp-json\/wp\/v2\/media?parent=440"}],"curies":[{"name":"wp","href":"https:\/\/api.w.org\/{rel}","templated":true}]}}