{"id":3183,"date":"2018-11-09T11:16:44","date_gmt":"2018-11-09T05:46:44","guid":{"rendered":"http:\/\/www.milaidhoo.com\/de\/?page_id=3183"},"modified":"2021-12-18T23:28:40","modified_gmt":"2021-12-18T17:58:40","slug":"about-the-maldives","status":"publish","type":"page","link":"https:\/\/www.milaidhoo.com\/de\/your-stay\/about-the-maldives.html","title":{"rendered":"\u00dcber die Malediven"},"content":{"rendered":"<p><strong>Bekleidung auf Milaidhoo<\/strong><\/p>\n<p>Die Malediven liegen am \u00c4quator, wo die Temperatur sogar nachts selten unter 27 \u00b0C f\u00e4llt. Wir empfehlen Ihnen leichte, lockere Bekleidung aus Naturmaterialien (Baumwolle, Seide, Leinen).<\/p>\n<p>Die Kleiderordnung auf Milaidhoo ist unkompliziert: Wir bitten unsere G\u00e4ste nur, in unseren Restaurants von Badebekleidung abzusehen.<br \/>\nWir sind ein gro\u00dfer Fan der Barfu\u00df-Lebensweise, deshalb brauchen Sie auf Milaidhoo keine Schuhe; ein Paar Flip-Flops oder Sandalen reichen v\u00f6llig aus. Wenn Sie im Fitnessstudio trainieren m\u00f6chten, bringen Sie bitte ein Paar Turnschuhe mit.<\/p>\n<p><strong>Das Wetter auf den Malediven<\/strong><\/p>\n<p>Auf den Malediven ist es das ganze Jahr \u00fcber warm und die Temperaturen bewegen sich sowohl untertags als auch nachts ganzj\u00e4hrig zwischen 27 \u00b0C und 31 \u00b0C.<\/p>\n<p>Januar bis April gelten als die besten Monate, da die Wahrscheinlichkeit von Regen zu dieser Zeit des \u201etrockenen Monsuns\u201c am geringsten ist. Von Juli bis November herrscht der \u201enasse Monsun\u201c. Zu dieser Zeit kann es stark regnen, aber nichtsdestotrotz werden selbst zu dieser Zeit zwischen vier und sieben Stunden Sonnenschein pro Tag verzeichnet. In den \u00dcbergangsmonaten Mai und Dezember herrscht oft wechselhaftes, unstetes Wetter.<\/p>\n<p>Weitere Informationen zum Wetter finden Sie auf der Website des maledivischen Wetterdienstes: <a href=\"http:\/\/meteorology.gov.mv\/climateofmaldives\">meteorology.gov.mv\/climateofmaldives<\/a><\/p>\n<p><strong>Gesundheit und empfohlene Impfungen f\u00fcr eine Reise auf die Malediven<\/strong><\/p>\n<p>F\u00fcr eine Reise auf die Malediven sind au\u00dfer den f\u00fcr Reisende im Allgemeinen empfohlene Impfungen keine Zusatzimpfungen n\u00f6tig.<\/p>\n<p>Auf den Malediven gibt es kein Malaria. Aber in einheimischen D\u00f6rfern und in der Hauptstadt Male gibt es F\u00e4lle von Denguefieber. Denguefieber wird von tagaktiven M\u00fccken \u00fcbertragen, deshalb empfehlen wir Ihnen, untertags ein M\u00fcckenschutzmittel zu verwenden.<\/p>\n<p>Auf unserer Insel gibt es einen ans\u00e4ssigen Rettungssanit\u00e4ter und ein Erste-Hilfe-Zentrum.<\/p>\n<p><strong>Visum f\u00fcr die Malediven<\/strong><\/p>\n<p>Ein Gro\u00dfteil der Reisenden ben\u00f6tigt kein Visum f\u00fcr die Malediven. Die Einwanderungsbeh\u00f6rde stempelt Ihren Pass bei Ihrer Ankunft am Flughafen, worauf keine Geb\u00fchr erhoben wird. F\u00fcr eine Einreise in die Malediven muss Ihr Pass nach Ihrer Abreise mindestens noch sechs Monate lang g\u00fcltig sein. Au\u00dferdem m\u00fcssen Sie eine Hotelbuchung und ein Ausreiseticket aus den Malediven vorlegen k\u00f6nnen. Eine umfassende Liste mit Einreisebestimmungen finden Sie hier: <a href=\"http:\/\/immigration.gov.mv\">immigration.gov.mv<\/a><\/p>\n<p>Bei Ihrer Einreise in die Malediven m\u00fcssen Sie ein Einreiseformular ausf\u00fcllen. Die H\u00e4lfte dieses Formulars beh\u00e4lt die Einwanderungsbeh\u00f6rde bei Ihrer Ankunft ein. Bitte bewahren Sie die andere H\u00e4lfte gut auf, da Sie diese f\u00fcr die Ausreise ben\u00f6tigen.<\/p>\n<p><strong>Was Sie nicht auf die Malediven mitbringen sollten<\/strong><\/p>\n<p>Au\u00dfer in Inselresorts wie Milaidhoo ist auf den Malediven kein Alkohol erlaubt. Dazu geh\u00f6rt auch jeglicher Alkohol, den Sie im Duty-Free-Bereich gekauft haben \u2013 dieser wird bei Ihrer Ankunft aus Ihrem Gep\u00e4ck entfernt und beschlagnahmt.<\/p>\n<p>Bitte beachten Sie, dass der Einsatz von Drohnen oder \u00e4hnlichen Ger\u00e4ten auf unserer Insel nicht gestattet ist, um das friedliche Ambiente und die Privatsph\u00e4re unserer G\u00e4ste nicht zu beeintr\u00e4chtigen. Gelegentlich machen wir mit unserer Drohne Aufnahmen von der Insel, die wir unseren G\u00e4sten gerne zur Verf\u00fcgung stellen.<\/p>\n<p><strong>Geldwechsel<\/strong><\/p>\n<p>Alle Abrechnungen und Preise auf Milaidhoo Maldives erfolgen in USD. Die W\u00e4hrung auf den Malediven ist die Rufiyaa (1 USD enspricht ca. 15 USD). Au\u00dfer wenn Sie vorhaben, viel Zeit auf den einheimischen Inseln zu verbringen, brauchen Sie jedoch keine Rufiyaa.<\/p>\n<p><strong>Kulturelle Hinweise<\/strong><\/p>\n<p>Wir m\u00f6chten unsere G\u00e4ste darauf hinweisen, dass Freik\u00f6rperkultur (und Sonnenbaden ohne Oberbekleidung f\u00fcr Frauen) auf den Malediven illegal ist.<\/p>\n<p>Wenn Sie einheimische Inseln besuchen, bitten wir sowohl m\u00e4nnliche als auch weibliche G\u00e4ste um angemessene Bekleidung, die den K\u00f6rper von den Schultern bis zu den Knien bedeckt.<\/p>\n","protected":false},"excerpt":{"rendered":"<p>Bekleidung auf Milaidhoo Die Malediven liegen am \u00c4quator, wo die Temperatur sogar nachts selten unter 27 \u00b0C f\u00e4llt. Wir empfehlen Ihnen leichte, lockere Bekleidung aus Naturmaterialien (Baumwolle, Seide, Leinen). Die Kleiderordnung auf Milaidhoo ist unkompliziert: Wir bitten unsere G\u00e4ste nur, in unseren Restaurants von Badebekleidung abzusehen. Wir sind ein gro\u00dfer Fan der Barfu\u00df-Lebensweise, deshalb brauchen [&hellip;]<\/p>\n","protected":false},"author":1,"featured_media":0,"parent":3155,"menu_order":5,"comment_status":"closed","ping_status":"closed","template":"","meta":{"footnotes":""},"class_list":["post-3183","page","type-page","status-publish","hentry"],"_links":{"self":[{"href":"https:\/\/www.milaidhoo.com\/de\/wp-json\/wp\/v2\/pages\/3183","targetHints":{"allow":["GET"]}}],"collection":[{"href":"https:\/\/www.milaidhoo.com\/de\/wp-json\/wp\/v2\/pages"}],"about":[{"href":"https:\/\/www.milaidhoo.com\/de\/wp-json\/wp\/v2\/types\/page"}],"author":[{"embeddable":true,"href":"https:\/\/www.milaidhoo.com\/de\/wp-json\/wp\/v2\/users\/1"}],"replies":[{"embeddable":true,"href":"https:\/\/www.milaidhoo.com\/de\/wp-json\/wp\/v2\/comments?post=3183"}],"version-history":[{"count":1,"href":"https:\/\/www.milaidhoo.com\/de\/wp-json\/wp\/v2\/pages\/3183\/revisions"}],"predecessor-version":[{"id":10100,"href":"https:\/\/www.milaidhoo.com\/de\/wp-json\/wp\/v2\/pages\/3183\/revisions\/10100"}],"up":[{"embeddable":true,"href":"https:\/\/www.milaidhoo.com\/de\/wp-json\/wp\/v2\/pages\/3155"}],"wp:attachment":[{"href":"https:\/\/www.milaidhoo.com\/de\/wp-json\/wp\/v2\/media?parent=3183"}],"curies":[{"name":"wp","href":"https:\/\/api.w.org\/{rel}","templated":true}]}}