{"id":3131,"date":"2018-11-09T11:10:54","date_gmt":"2018-11-09T05:40:54","guid":{"rendered":"http:\/\/www.milaidhoo.com\/de\/?page_id=3131"},"modified":"2021-12-18T22:21:31","modified_gmt":"2021-12-18T16:51:31","slug":"hanifaru-bay","status":"publish","type":"page","link":"https:\/\/www.milaidhoo.com\/de\/things-to-do\/hanifaru-bay.html","title":{"rendered":"Die Bucht Hanifaru"},"content":{"rendered":"<p>Das Juwel des UNESCO-Biosph\u00e4renreservats ist ohne jeden Zweifel die Bucht Hanifaru, wo man zur richtigen Jahreszeit die weltweit gr\u00f6\u00dften Mantarochen-Schulen beobachten kann. Auch Walhaie werden hier oft gesichtet. Ein Schnorchelgang mit diesen friedlichen Riesen des Ozeans ist ein absolut unvergessliches Erlebnis.<\/p>\n<p>Die Saison f\u00fcr Walsichtungen dauert von Juni bis November. Eine erfolgreiche Sichtung h\u00e4ngt von zahlreichen Faktoren wie den Gezeiten, den Mondphasen und den Str\u00f6mungen ab. Normalerweise machen wir je nach Wetter drei Mal pro Woche eine Ausfahrt in die Bucht Hanifaru, aber wir organisieren auch gerne eine private Ausfahrt f\u00fcr Sie und Ihr Herzblatt mit unserer Meeresbiologin.<\/p>\n<p>Folgen Sie unserem: <a href=\"https:\/\/www.milaidhoo.com\/de\/blog.html\">blog<\/a> sehen Sie sich die neuesten Fotos und Videos von der Bucht Hanifaru an. Hier sind unsere neuesten Posts:<\/p>\n<p>Video: Die Bucht Hanifaru Bay ist ein Paradies f\u00fcr alle Fans von Mantarochen: HIER<br \/>\nDie Mantarochen sind wieder in Baa (Video): <a href=\"https:\/\/www.milaidhoo.com\/gallery.html#images-52\" target=\"_blank\" rel=\"noopener noreferrer\"> HIER<\/a><\/p>\n","protected":false},"excerpt":{"rendered":"<p>Das Juwel des UNESCO-Biosph\u00e4renreservats ist ohne jeden Zweifel die Bucht Hanifaru, wo man zur richtigen Jahreszeit die weltweit gr\u00f6\u00dften Mantarochen-Schulen beobachten kann. Auch Walhaie werden hier oft gesichtet. Ein Schnorchelgang mit diesen friedlichen Riesen des Ozeans ist ein absolut unvergessliches Erlebnis. Die Saison f\u00fcr Walsichtungen dauert von Juni bis November. Eine erfolgreiche Sichtung h\u00e4ngt von [&hellip;]<\/p>\n","protected":false},"author":1,"featured_media":0,"parent":3103,"menu_order":7,"comment_status":"closed","ping_status":"closed","template":"","meta":{"footnotes":""},"class_list":["post-3131","page","type-page","status-publish","hentry"],"_links":{"self":[{"href":"https:\/\/www.milaidhoo.com\/de\/wp-json\/wp\/v2\/pages\/3131","targetHints":{"allow":["GET"]}}],"collection":[{"href":"https:\/\/www.milaidhoo.com\/de\/wp-json\/wp\/v2\/pages"}],"about":[{"href":"https:\/\/www.milaidhoo.com\/de\/wp-json\/wp\/v2\/types\/page"}],"author":[{"embeddable":true,"href":"https:\/\/www.milaidhoo.com\/de\/wp-json\/wp\/v2\/users\/1"}],"replies":[{"embeddable":true,"href":"https:\/\/www.milaidhoo.com\/de\/wp-json\/wp\/v2\/comments?post=3131"}],"version-history":[{"count":1,"href":"https:\/\/www.milaidhoo.com\/de\/wp-json\/wp\/v2\/pages\/3131\/revisions"}],"predecessor-version":[{"id":9929,"href":"https:\/\/www.milaidhoo.com\/de\/wp-json\/wp\/v2\/pages\/3131\/revisions\/9929"}],"up":[{"embeddable":true,"href":"https:\/\/www.milaidhoo.com\/de\/wp-json\/wp\/v2\/pages\/3103"}],"wp:attachment":[{"href":"https:\/\/www.milaidhoo.com\/de\/wp-json\/wp\/v2\/media?parent=3131"}],"curies":[{"name":"wp","href":"https:\/\/api.w.org\/{rel}","templated":true}]}}