{"id":3123,"date":"2018-11-09T11:10:13","date_gmt":"2018-11-09T05:40:13","guid":{"rendered":"http:\/\/www.milaidhoo.com\/de\/?page_id=3123"},"modified":"2025-06-25T16:01:13","modified_gmt":"2025-06-25T10:31:13","slug":"marine-biologist","status":"publish","type":"page","link":"https:\/\/www.milaidhoo.com\/de\/things-to-do\/marine-biologist.html","title":{"rendered":"Meeresbiologe"},"content":{"rendered":"<p>Das UNESCO-Biosph\u00e4renreservat und die weltber\u00fchmte Bucht Hanifaru liegen direkt vor unserer Haust\u00fcr. Bei uns erhalten Sie die gro\u00dfartige Gelegenheit, von unseren zwei ans\u00e4ssigen Meeresbiologen mehr \u00fcber die faszinierende Tierwelt der Region zu erfahren. Entdecken Sie, worauf ein Walhai aus ist, warum Mantarochen tanzen, warum Delfine lachen und helfen Sie uns bei der Identifizierung und beim Schutz dieser anmutigen Tiere.<\/p>\n<p>Wir bieten unseren G\u00e4sten ein \u201eMeeresbiologen-Programm\u201c, bei dem wissbegierige Besucher unserer Meeresbiologin \u00fcber die Schulter schauen und mehr \u00fcber ihre Arbeit erfahren k\u00f6nnen.<\/p>\n<p>Finden Sie mehr \u00fcber die Aktivit\u00e4ten dieser Woche heraus und folgen Sie unseren zwei Meeresbiologen. <a href=\"https:\/\/www.milaidhoo.com\/de\/blog.html?search-keyword=&amp;search-category=Ocean+Stories\"> HIER<\/a><\/p>\n","protected":false},"excerpt":{"rendered":"<p>Das UNESCO-Biosph\u00e4renreservat und die weltber\u00fchmte Bucht Hanifaru liegen direkt vor unserer Haust\u00fcr. Bei uns erhalten Sie die gro\u00dfartige Gelegenheit, von unseren zwei ans\u00e4ssigen Meeresbiologen mehr \u00fcber die faszinierende Tierwelt der Region zu erfahren. Entdecken Sie, worauf ein Walhai aus ist, warum Mantarochen tanzen, warum Delfine lachen und helfen Sie uns bei der Identifizierung und beim [&hellip;]<\/p>\n","protected":false},"author":1,"featured_media":0,"parent":3103,"menu_order":5,"comment_status":"closed","ping_status":"closed","template":"","meta":{"footnotes":""},"class_list":["post-3123","page","type-page","status-publish","hentry"],"_links":{"self":[{"href":"https:\/\/www.milaidhoo.com\/de\/wp-json\/wp\/v2\/pages\/3123","targetHints":{"allow":["GET"]}}],"collection":[{"href":"https:\/\/www.milaidhoo.com\/de\/wp-json\/wp\/v2\/pages"}],"about":[{"href":"https:\/\/www.milaidhoo.com\/de\/wp-json\/wp\/v2\/types\/page"}],"author":[{"embeddable":true,"href":"https:\/\/www.milaidhoo.com\/de\/wp-json\/wp\/v2\/users\/1"}],"replies":[{"embeddable":true,"href":"https:\/\/www.milaidhoo.com\/de\/wp-json\/wp\/v2\/comments?post=3123"}],"version-history":[{"count":2,"href":"https:\/\/www.milaidhoo.com\/de\/wp-json\/wp\/v2\/pages\/3123\/revisions"}],"predecessor-version":[{"id":10378,"href":"https:\/\/www.milaidhoo.com\/de\/wp-json\/wp\/v2\/pages\/3123\/revisions\/10378"}],"up":[{"embeddable":true,"href":"https:\/\/www.milaidhoo.com\/de\/wp-json\/wp\/v2\/pages\/3103"}],"wp:attachment":[{"href":"https:\/\/www.milaidhoo.com\/de\/wp-json\/wp\/v2\/media?parent=3123"}],"curies":[{"name":"wp","href":"https:\/\/api.w.org\/{rel}","templated":true}]}}