{"id":3095,"date":"2018-11-09T10:59:13","date_gmt":"2018-11-09T05:29:13","guid":{"rendered":"http:\/\/www.milaidhoo.com\/de\/?page_id=3095"},"modified":"2022-06-02T02:18:45","modified_gmt":"2022-06-01T20:48:45","slug":"room-service","status":"publish","type":"page","link":"https:\/\/www.milaidhoo.com\/de\/notes-from-a-chef\/in-villa-dining.html","title":{"rendered":"In-Villa Dining"},"content":{"rendered":"<p style=\"text-align: left;\">Wenn Sie sich daf\u00fcr entscheiden, Ihr Abendessen in Ihrer Villa einzunehmen, bereiten wir f\u00fcr Sie ein magisches Erlebnis auf Ihrem privaten Sonnendeck zu. Auf der Karte steht eine sorgf\u00e4ltig kuratierte Auswahl an Feinschmecker-Gerichten. Wenn Ihnen der Sinn nach etwas ganz Besonderem steht, setzen Sie ganz einfach unser K\u00fcchenteam davon in Kenntnis und wir bereiten Ihr Wunschmen\u00fc gerne nach Ihrem Geschmack f\u00fcr Sie zu. Rund um die Uhr verf\u00fcgbar.<\/p>\n<p>Unsere Speisekarte wechselt regelm\u00e4\u00dfig und die darauf angef\u00fchrten Gerichte und Preise weichen m\u00f6glicherweise von der Auswahl ab, die Sie w\u00e4hrend Ihres Aufenthalts bei uns genie\u00dfen. Beispielhaftes Men\u00fc: Abendessen in der Villa auf Milaidhoo<\/p>\n<ul>\n<li style=\"text-align: left;\"><span style=\"color: #33cccc;\"><a style=\"color: #33cccc;\" href=\"\/\/d1l3wviaauwkfu.cloudfront.net\/2019\/09\/In-Villa-Dining-Menu.pdf\">Abendessen in der Villa auf Milaidhoo<\/a><\/span><\/li>\n<\/ul>\n","protected":false},"excerpt":{"rendered":"<p>Wenn Sie sich daf\u00fcr entscheiden, Ihr Abendessen in Ihrer Villa einzunehmen, bereiten wir f\u00fcr Sie ein magisches Erlebnis auf Ihrem privaten Sonnendeck zu. Auf der Karte steht eine sorgf\u00e4ltig kuratierte Auswahl an Feinschmecker-Gerichten. Wenn Ihnen der Sinn nach etwas ganz Besonderem steht, setzen Sie ganz einfach unser K\u00fcchenteam davon in Kenntnis und wir bereiten Ihr [&hellip;]<\/p>\n","protected":false},"author":1,"featured_media":0,"parent":380,"menu_order":7,"comment_status":"closed","ping_status":"closed","template":"","meta":{"footnotes":""},"class_list":["post-3095","page","type-page","status-publish","hentry"],"_links":{"self":[{"href":"https:\/\/www.milaidhoo.com\/de\/wp-json\/wp\/v2\/pages\/3095","targetHints":{"allow":["GET"]}}],"collection":[{"href":"https:\/\/www.milaidhoo.com\/de\/wp-json\/wp\/v2\/pages"}],"about":[{"href":"https:\/\/www.milaidhoo.com\/de\/wp-json\/wp\/v2\/types\/page"}],"author":[{"embeddable":true,"href":"https:\/\/www.milaidhoo.com\/de\/wp-json\/wp\/v2\/users\/1"}],"replies":[{"embeddable":true,"href":"https:\/\/www.milaidhoo.com\/de\/wp-json\/wp\/v2\/comments?post=3095"}],"version-history":[{"count":2,"href":"https:\/\/www.milaidhoo.com\/de\/wp-json\/wp\/v2\/pages\/3095\/revisions"}],"predecessor-version":[{"id":10310,"href":"https:\/\/www.milaidhoo.com\/de\/wp-json\/wp\/v2\/pages\/3095\/revisions\/10310"}],"up":[{"embeddable":true,"href":"https:\/\/www.milaidhoo.com\/de\/wp-json\/wp\/v2\/pages\/380"}],"wp:attachment":[{"href":"https:\/\/www.milaidhoo.com\/de\/wp-json\/wp\/v2\/media?parent=3095"}],"curies":[{"name":"wp","href":"https:\/\/api.w.org\/{rel}","templated":true}]}}