{"id":3079,"date":"2018-11-09T10:57:53","date_gmt":"2018-11-09T05:27:53","guid":{"rendered":"http:\/\/www.milaidhoo.com\/de\/?page_id=3079"},"modified":"2022-06-02T02:13:14","modified_gmt":"2022-06-01T20:43:14","slug":"shoreline-grill-chefs-table","status":"publish","type":"page","link":"https:\/\/www.milaidhoo.com\/de\/notes-from-a-chef\/shoreline-grill-chefs-table.html","title":{"rendered":"Shoreline Grill Chef&#8217;s Table"},"content":{"rendered":"<p style=\"text-align: left;\">Wenn Sie schon immer davon getr\u00e4umt haben, von Ihrem eigenen, pers\u00f6nlichen Chefkoch bekocht zu werden, bietet sich Ihnen bei uns die perfekte Gelegenheit. An unserem Chef&#8217;s Table \u2013 einem Tisch im Teppanyaki-Stil \u2013 kocht unser Team von Chefk\u00f6chen direkt vor Ihren Augen ein perfektes Abendessen ganz nach Ihrem Geschmack. Lassen Sie sich von unserer Auswahl an festen Men\u00fcs oder von unseren \u00e0-la-Carte-Gerichten inspirieren. T\u00e4glich von 19.00 bis 22.30 Uhr ge\u00f6ffnet. Auf Anfrage wird hier auch mittags gekocht.<\/p>\n<p style=\"text-align: left;\">Unsere Men\u00fcs \u00e4ndern sich regelm\u00e4\u00dfig und die Artikel und Preise auf diesen Men\u00fcs k\u00f6nnen sich ohne vorherige Ank\u00fcndigung \u00e4ndern.<\/p>\n<ul>\n<li style=\"text-align: left;\"><span style=\"color: #33cccc;\"><a style=\"color: #33cccc;\" href=\"\/\/d1l3wviaauwkfu.cloudfront.net\/2019\/09\/Shoreline-Chefs-Table-Menu.pdf\">Chef&#8217;s Table at the Shoreline Grill &#8211; Sake and Menu<\/a><\/span><\/li>\n<\/ul>\n","protected":false},"excerpt":{"rendered":"<p>Wenn Sie schon immer davon getr\u00e4umt haben, von Ihrem eigenen, pers\u00f6nlichen Chefkoch bekocht zu werden, bietet sich Ihnen bei uns die perfekte Gelegenheit. An unserem Chef&#8217;s Table \u2013 einem Tisch im Teppanyaki-Stil \u2013 kocht unser Team von Chefk\u00f6chen direkt vor Ihren Augen ein perfektes Abendessen ganz nach Ihrem Geschmack. Lassen Sie sich von unserer Auswahl [&hellip;]<\/p>\n","protected":false},"author":1,"featured_media":0,"parent":380,"menu_order":3,"comment_status":"closed","ping_status":"closed","template":"","meta":{"footnotes":""},"class_list":["post-3079","page","type-page","status-publish","hentry"],"_links":{"self":[{"href":"https:\/\/www.milaidhoo.com\/de\/wp-json\/wp\/v2\/pages\/3079","targetHints":{"allow":["GET"]}}],"collection":[{"href":"https:\/\/www.milaidhoo.com\/de\/wp-json\/wp\/v2\/pages"}],"about":[{"href":"https:\/\/www.milaidhoo.com\/de\/wp-json\/wp\/v2\/types\/page"}],"author":[{"embeddable":true,"href":"https:\/\/www.milaidhoo.com\/de\/wp-json\/wp\/v2\/users\/1"}],"replies":[{"embeddable":true,"href":"https:\/\/www.milaidhoo.com\/de\/wp-json\/wp\/v2\/comments?post=3079"}],"version-history":[{"count":2,"href":"https:\/\/www.milaidhoo.com\/de\/wp-json\/wp\/v2\/pages\/3079\/revisions"}],"predecessor-version":[{"id":10308,"href":"https:\/\/www.milaidhoo.com\/de\/wp-json\/wp\/v2\/pages\/3079\/revisions\/10308"}],"up":[{"embeddable":true,"href":"https:\/\/www.milaidhoo.com\/de\/wp-json\/wp\/v2\/pages\/380"}],"wp:attachment":[{"href":"https:\/\/www.milaidhoo.com\/de\/wp-json\/wp\/v2\/media?parent=3079"}],"curies":[{"name":"wp","href":"https:\/\/api.w.org\/{rel}","templated":true}]}}